{"id":34563,"date":"2024-05-11T09:15:05","date_gmt":"2024-05-11T09:15:05","guid":{"rendered":"https:\/\/galitel.gr\/product\/vin-rose-de-bordeaux-chateau-lisle-douce\/"},"modified":"2024-08-28T22:20:28","modified_gmt":"2024-08-28T22:20:28","slug":"vin-rose-de-bordeaux-chateau-lisle-douce","status":"publish","type":"product","link":"https:\/\/galitel.gr\/fr\/product\/vin-rose-de-bordeaux-chateau-lisle-douce\/","title":{"rendered":"Vin ros\u00e9 de Bordeaux Ch\u00e2teau L\u2019isle douce"},"content":{"rendered":"<p>Elabor\u00e9e dans l\u2019art de la vinification et en pr\u00e9servant l\u2019\u00e9quilibre de la biodiversit\u00e9 de l\u2019Isle Fort, la cuv\u00e9e 2023 est issue d\u2019une s\u00e9lection minutieuse de raisins issus des trois terroirs du domaine, en transition bio.<br \/>\nL\u2019Isle Douce peut \u00eatre un ap\u00e9ritif et accompagnera \u00e0 merveille poissons et viandes grill\u00e9es, sublimera tous les desserts fruit\u00e9s.<\/p>\n","protected":false},"excerpt":{"rendered":"<p>L\u2019Isle Douce peut \u00eatre un ap\u00e9ritif et accompagnera \u00e0 merveille poissons &#8230; <\/p>\n","protected":false},"featured_media":33883,"template":"","meta":[],"product_brand":[],"product_cat":[258],"product_tag":[],"class_list":{"0":"post-34563","1":"product","2":"type-product","3":"status-publish","4":"has-post-thumbnail","6":"product_cat-vin-champagne","7":"pa_chora-proelefsis-fr-fr","8":"pa_tem-syskevasia-6075-l-fr","10":"first","11":"instock","12":"product-type-simple"},"yoast_head":"<!-- This site is optimized with the Yoast SEO plugin v25.4 - https:\/\/yoast.com\/wordpress\/plugins\/seo\/ -->\n<title>Vin ros\u00e9 de Bordeaux Ch\u00e2teau L\u2019isle douce - Exportation - Galitel SA<\/title>\n<meta name=\"description\" content=\"L\u2019Isle Douce peut \u00eatre un ap\u00e9ritif et accompagnera \u00e0 merveille poissons et viandes grill\u00e9es, sublimera tous les desserts fruit\u00e9s.\" \/>\n<meta name=\"robots\" content=\"index, follow, max-snippet:-1, max-image-preview:large, max-video-preview:-1\" \/>\n<link rel=\"canonical\" href=\"https:\/\/galitel.gr\/fr\/product\/vin-rose-de-bordeaux-chateau-lisle-douce\/\" \/>\n<meta property=\"og:locale\" content=\"fr_FR\" \/>\n<meta property=\"og:type\" content=\"article\" \/>\n<meta property=\"og:title\" content=\"L\u2019Isle Douce peut \u00eatre un ap\u00e9ritif et accompagnera \u00e0 merveille poissons et viandes grill\u00e9es, sublimera tous les desserts fruit\u00e9s.\" \/>\n<meta property=\"og:description\" content=\"L\u2019Isle Douce peut \u00eatre un ap\u00e9ritif et accompagnera \u00e0 merveille poissons et viandes grill\u00e9es, sublimera tous les desserts fruit\u00e9s.\" \/>\n<meta property=\"og:url\" content=\"https:\/\/galitel.gr\/fr\/product\/vin-rose-de-bordeaux-chateau-lisle-douce\/\" \/>\n<meta property=\"og:site_name\" content=\"Galitel SA\" \/>\n<meta property=\"article:publisher\" content=\"https:\/\/www.facebook.com\/galitel.gr\" \/>\n<meta property=\"article:modified_time\" content=\"2024-08-28T22:20:28+00:00\" \/>\n<meta property=\"og:image\" content=\"https:\/\/galitel.gr\/wp-content\/uploads\/2024\/05\/VIN0007.jpg\" \/>\n\t<meta property=\"og:image:width\" content=\"1080\" \/>\n\t<meta property=\"og:image:height\" content=\"1080\" \/>\n\t<meta property=\"og:image:type\" content=\"image\/jpeg\" \/>\n<meta name=\"twitter:card\" content=\"summary_large_image\" \/>\n<meta name=\"twitter:label1\" content=\"Dur\u00e9e de lecture estim\u00e9e\" \/>\n\t<meta name=\"twitter:data1\" content=\"1 minute\" \/>\n<script type=\"application\/ld+json\" class=\"yoast-schema-graph\">{\"@context\":\"https:\/\/schema.org\",\"@graph\":[{\"@type\":\"WebPage\",\"@id\":\"https:\/\/galitel.gr\/fr\/product\/vin-rose-de-bordeaux-chateau-lisle-douce\/\",\"url\":\"https:\/\/galitel.gr\/fr\/product\/vin-rose-de-bordeaux-chateau-lisle-douce\/\",\"name\":\"Vin ros\u00e9 de Bordeaux Ch\u00e2teau L\u2019isle douce - Exportation - Galitel SA\",\"isPartOf\":{\"@id\":\"https:\/\/galitel.gr\/fr\/#website\"},\"primaryImageOfPage\":{\"@id\":\"https:\/\/galitel.gr\/fr\/product\/vin-rose-de-bordeaux-chateau-lisle-douce\/#primaryimage\"},\"image\":{\"@id\":\"https:\/\/galitel.gr\/fr\/product\/vin-rose-de-bordeaux-chateau-lisle-douce\/#primaryimage\"},\"thumbnailUrl\":\"https:\/\/galitel.gr\/wp-content\/uploads\/2024\/05\/VIN0007.jpg\",\"datePublished\":\"2024-05-11T09:15:05+00:00\",\"dateModified\":\"2024-08-28T22:20:28+00:00\",\"description\":\"L\u2019Isle Douce peut \u00eatre un ap\u00e9ritif et accompagnera \u00e0 merveille poissons et viandes grill\u00e9es, sublimera tous les desserts fruit\u00e9s.\",\"breadcrumb\":{\"@id\":\"https:\/\/galitel.gr\/fr\/product\/vin-rose-de-bordeaux-chateau-lisle-douce\/#breadcrumb\"},\"inLanguage\":\"fr-FR\",\"potentialAction\":[{\"@type\":\"ReadAction\",\"target\":[\"https:\/\/galitel.gr\/fr\/product\/vin-rose-de-bordeaux-chateau-lisle-douce\/\"]}]},{\"@type\":\"ImageObject\",\"inLanguage\":\"fr-FR\",\"@id\":\"https:\/\/galitel.gr\/fr\/product\/vin-rose-de-bordeaux-chateau-lisle-douce\/#primaryimage\",\"url\":\"https:\/\/galitel.gr\/wp-content\/uploads\/2024\/05\/VIN0007.jpg\",\"contentUrl\":\"https:\/\/galitel.gr\/wp-content\/uploads\/2024\/05\/VIN0007.jpg\",\"width\":1080,\"height\":1080,\"caption\":\"Vin ros\u00e9 de Bordeaux Ch\u00e2teau L\u2019isle douce\"},{\"@type\":\"BreadcrumbList\",\"@id\":\"https:\/\/galitel.gr\/fr\/product\/vin-rose-de-bordeaux-chateau-lisle-douce\/#breadcrumb\",\"itemListElement\":[{\"@type\":\"ListItem\",\"position\":1,\"name\":\"\u0391\u03c1\u03c7\u03b9\u03ba\u03ae\",\"item\":\"https:\/\/galitel.gr\/fr\/\"},{\"@type\":\"ListItem\",\"position\":2,\"name\":\"Catalogue\",\"item\":\"https:\/\/galitel.gr\/fr\/?page_id=34060\"},{\"@type\":\"ListItem\",\"position\":3,\"name\":\"Vin ros\u00e9 de Bordeaux Ch\u00e2teau L\u2019isle douce\"}]},{\"@type\":\"WebSite\",\"@id\":\"https:\/\/galitel.gr\/fr\/#website\",\"url\":\"https:\/\/galitel.gr\/fr\/\",\"name\":\"Galitel SA\",\"description\":\"Import &amp; Exports French Products\",\"publisher\":{\"@id\":\"https:\/\/galitel.gr\/fr\/#organization\"},\"potentialAction\":[{\"@type\":\"SearchAction\",\"target\":{\"@type\":\"EntryPoint\",\"urlTemplate\":\"https:\/\/galitel.gr\/fr\/?s={search_term_string}\"},\"query-input\":{\"@type\":\"PropertyValueSpecification\",\"valueRequired\":true,\"valueName\":\"search_term_string\"}}],\"inLanguage\":\"fr-FR\"},{\"@type\":\"Organization\",\"@id\":\"https:\/\/galitel.gr\/fr\/#organization\",\"name\":\"Galitel SA - Import & Exports Fresh Products\",\"url\":\"https:\/\/galitel.gr\/fr\/\",\"logo\":{\"@type\":\"ImageObject\",\"inLanguage\":\"fr-FR\",\"@id\":\"https:\/\/galitel.gr\/fr\/#\/schema\/logo\/image\/\",\"url\":\"https:\/\/galitel.gr\/wp-content\/uploads\/2020\/02\/Logo-Galitel-Blue.png\",\"contentUrl\":\"https:\/\/galitel.gr\/wp-content\/uploads\/2020\/02\/Logo-Galitel-Blue.png\",\"width\":325,\"height\":110,\"caption\":\"Galitel SA - Import & Exports Fresh Products\"},\"image\":{\"@id\":\"https:\/\/galitel.gr\/fr\/#\/schema\/logo\/image\/\"},\"sameAs\":[\"https:\/\/www.facebook.com\/galitel.gr\",\"https:\/\/www.instagram.com\/galitel.gr\/\",\"https:\/\/www.linkedin.com\/company\/galitel\/\"]}]}<\/script>\n<!-- \/ Yoast SEO plugin. -->","yoast_head_json":{"title":"Vin ros\u00e9 de Bordeaux Ch\u00e2teau L\u2019isle douce - Exportation - Galitel SA","description":"L\u2019Isle Douce peut \u00eatre un ap\u00e9ritif et accompagnera \u00e0 merveille poissons et viandes grill\u00e9es, sublimera tous les desserts fruit\u00e9s.","robots":{"index":"index","follow":"follow","max-snippet":"max-snippet:-1","max-image-preview":"max-image-preview:large","max-video-preview":"max-video-preview:-1"},"canonical":"https:\/\/galitel.gr\/fr\/product\/vin-rose-de-bordeaux-chateau-lisle-douce\/","og_locale":"fr_FR","og_type":"article","og_title":"L\u2019Isle Douce peut \u00eatre un ap\u00e9ritif et accompagnera \u00e0 merveille poissons et viandes grill\u00e9es, sublimera tous les desserts fruit\u00e9s.","og_description":"L\u2019Isle Douce peut \u00eatre un ap\u00e9ritif et accompagnera \u00e0 merveille poissons et viandes grill\u00e9es, sublimera tous les desserts fruit\u00e9s.","og_url":"https:\/\/galitel.gr\/fr\/product\/vin-rose-de-bordeaux-chateau-lisle-douce\/","og_site_name":"Galitel SA","article_publisher":"https:\/\/www.facebook.com\/galitel.gr","article_modified_time":"2024-08-28T22:20:28+00:00","og_image":[{"width":1080,"height":1080,"url":"https:\/\/galitel.gr\/wp-content\/uploads\/2024\/05\/VIN0007.jpg","type":"image\/jpeg"}],"twitter_card":"summary_large_image","twitter_misc":{"Dur\u00e9e de lecture estim\u00e9e":"1 minute"},"schema":{"@context":"https:\/\/schema.org","@graph":[{"@type":"WebPage","@id":"https:\/\/galitel.gr\/fr\/product\/vin-rose-de-bordeaux-chateau-lisle-douce\/","url":"https:\/\/galitel.gr\/fr\/product\/vin-rose-de-bordeaux-chateau-lisle-douce\/","name":"Vin ros\u00e9 de Bordeaux Ch\u00e2teau L\u2019isle douce - Exportation - Galitel SA","isPartOf":{"@id":"https:\/\/galitel.gr\/fr\/#website"},"primaryImageOfPage":{"@id":"https:\/\/galitel.gr\/fr\/product\/vin-rose-de-bordeaux-chateau-lisle-douce\/#primaryimage"},"image":{"@id":"https:\/\/galitel.gr\/fr\/product\/vin-rose-de-bordeaux-chateau-lisle-douce\/#primaryimage"},"thumbnailUrl":"https:\/\/galitel.gr\/wp-content\/uploads\/2024\/05\/VIN0007.jpg","datePublished":"2024-05-11T09:15:05+00:00","dateModified":"2024-08-28T22:20:28+00:00","description":"L\u2019Isle Douce peut \u00eatre un ap\u00e9ritif et accompagnera \u00e0 merveille poissons et viandes grill\u00e9es, sublimera tous les desserts fruit\u00e9s.","breadcrumb":{"@id":"https:\/\/galitel.gr\/fr\/product\/vin-rose-de-bordeaux-chateau-lisle-douce\/#breadcrumb"},"inLanguage":"fr-FR","potentialAction":[{"@type":"ReadAction","target":["https:\/\/galitel.gr\/fr\/product\/vin-rose-de-bordeaux-chateau-lisle-douce\/"]}]},{"@type":"ImageObject","inLanguage":"fr-FR","@id":"https:\/\/galitel.gr\/fr\/product\/vin-rose-de-bordeaux-chateau-lisle-douce\/#primaryimage","url":"https:\/\/galitel.gr\/wp-content\/uploads\/2024\/05\/VIN0007.jpg","contentUrl":"https:\/\/galitel.gr\/wp-content\/uploads\/2024\/05\/VIN0007.jpg","width":1080,"height":1080,"caption":"Vin ros\u00e9 de Bordeaux Ch\u00e2teau L\u2019isle douce"},{"@type":"BreadcrumbList","@id":"https:\/\/galitel.gr\/fr\/product\/vin-rose-de-bordeaux-chateau-lisle-douce\/#breadcrumb","itemListElement":[{"@type":"ListItem","position":1,"name":"\u0391\u03c1\u03c7\u03b9\u03ba\u03ae","item":"https:\/\/galitel.gr\/fr\/"},{"@type":"ListItem","position":2,"name":"Catalogue","item":"https:\/\/galitel.gr\/fr\/?page_id=34060"},{"@type":"ListItem","position":3,"name":"Vin ros\u00e9 de Bordeaux Ch\u00e2teau L\u2019isle douce"}]},{"@type":"WebSite","@id":"https:\/\/galitel.gr\/fr\/#website","url":"https:\/\/galitel.gr\/fr\/","name":"Galitel SA","description":"Import &amp; Exports French Products","publisher":{"@id":"https:\/\/galitel.gr\/fr\/#organization"},"potentialAction":[{"@type":"SearchAction","target":{"@type":"EntryPoint","urlTemplate":"https:\/\/galitel.gr\/fr\/?s={search_term_string}"},"query-input":{"@type":"PropertyValueSpecification","valueRequired":true,"valueName":"search_term_string"}}],"inLanguage":"fr-FR"},{"@type":"Organization","@id":"https:\/\/galitel.gr\/fr\/#organization","name":"Galitel SA - Import & Exports Fresh Products","url":"https:\/\/galitel.gr\/fr\/","logo":{"@type":"ImageObject","inLanguage":"fr-FR","@id":"https:\/\/galitel.gr\/fr\/#\/schema\/logo\/image\/","url":"https:\/\/galitel.gr\/wp-content\/uploads\/2020\/02\/Logo-Galitel-Blue.png","contentUrl":"https:\/\/galitel.gr\/wp-content\/uploads\/2020\/02\/Logo-Galitel-Blue.png","width":325,"height":110,"caption":"Galitel SA - Import & Exports Fresh Products"},"image":{"@id":"https:\/\/galitel.gr\/fr\/#\/schema\/logo\/image\/"},"sameAs":["https:\/\/www.facebook.com\/galitel.gr","https:\/\/www.instagram.com\/galitel.gr\/","https:\/\/www.linkedin.com\/company\/galitel\/"]}]}},"_links":{"self":[{"href":"https:\/\/galitel.gr\/fr\/wp-json\/wp\/v2\/product\/34563","targetHints":{"allow":["GET"]}}],"collection":[{"href":"https:\/\/galitel.gr\/fr\/wp-json\/wp\/v2\/product"}],"about":[{"href":"https:\/\/galitel.gr\/fr\/wp-json\/wp\/v2\/types\/product"}],"wp:featuredmedia":[{"embeddable":true,"href":"https:\/\/galitel.gr\/fr\/wp-json\/wp\/v2\/media\/33883"}],"wp:attachment":[{"href":"https:\/\/galitel.gr\/fr\/wp-json\/wp\/v2\/media?parent=34563"}],"wp:term":[{"taxonomy":"product_brand","embeddable":true,"href":"https:\/\/galitel.gr\/fr\/wp-json\/wp\/v2\/product_brand?post=34563"},{"taxonomy":"product_cat","embeddable":true,"href":"https:\/\/galitel.gr\/fr\/wp-json\/wp\/v2\/product_cat?post=34563"},{"taxonomy":"product_tag","embeddable":true,"href":"https:\/\/galitel.gr\/fr\/wp-json\/wp\/v2\/product_tag?post=34563"}],"curies":[{"name":"wp","href":"https:\/\/api.w.org\/{rel}","templated":true}]}}