{"id":34551,"date":"2024-05-11T09:15:00","date_gmt":"2024-05-11T09:15:00","guid":{"rendered":"https:\/\/galitel.gr\/product\/betteraves-rouges-potageres-rondes-cuites-sous-vide-500gr\/"},"modified":"2024-08-16T09:21:31","modified_gmt":"2024-08-16T09:21:31","slug":"betteraves-rouges-potageres-rondes-cuites-sous-vide-500gr","status":"publish","type":"product","link":"https:\/\/galitel.gr\/fr\/product\/betteraves-rouges-potageres-rondes-cuites-sous-vide-500gr\/","title":{"rendered":"Betteraves rouges potag\u00e8res rondes cuites sous vide 500gr"},"content":{"rendered":"<p>Betteraves tendres et pr\u00e9cuites, emball\u00e9es dans un emballage pratique de 500 gr.Economisent  du temps de cuisson et ajoutent de la couleur et de la saveur aux salades, aux plats d\u2019accompagnement et aux plats cuisin\u00e9s.<\/p>\n","protected":false},"excerpt":{"rendered":"<p>INGR\u00c9DIENTS :Betterave rouge sans adjonction de sel, ni sucre, aucun additif, &#8230; <\/p>\n","protected":false},"featured_media":33802,"template":"","meta":[],"product_brand":[],"product_cat":[201],"product_tag":[],"class_list":{"0":"post-34551","1":"product","2":"type-product","3":"status-publish","4":"has-post-thumbnail","6":"product_cat-alla-proionta","7":"pa_chora-proelefsis-fr-fr","8":"pa_pays-dorigine-fr","9":"pa_pieces-emballage-12500-gr","10":"pa_tem-syskevasia-12500-gr","12":"first","13":"instock","14":"product-type-simple"},"yoast_head":"<!-- This site is optimized with the Yoast SEO plugin v25.4 - https:\/\/yoast.com\/wordpress\/plugins\/seo\/ -->\n<title>Betteraves rouges potag\u00e8res rondes cuites sous vide 500gr - Import-Export - Galitel SA<\/title>\n<meta name=\"description\" content=\"INGR\u00c9DIENTS :Betterave rouge sans adjonction de sel, ni sucre, aucun additif, sans OGM (aucune betterave rouge OGM n\u2019est autoris\u00e9e en Europe\" \/>\n<meta name=\"robots\" content=\"index, follow, max-snippet:-1, max-image-preview:large, max-video-preview:-1\" \/>\n<link rel=\"canonical\" href=\"https:\/\/galitel.gr\/fr\/product\/betteraves-rouges-potageres-rondes-cuites-sous-vide-500gr\/\" \/>\n<meta property=\"og:locale\" content=\"fr_FR\" \/>\n<meta property=\"og:type\" content=\"article\" \/>\n<meta property=\"og:title\" content=\"INGR\u00c9DIENTS :Betterave rouge sans adjonction de sel, ni sucre, aucun additif, sans OGM (aucune betterave rouge OGM n\u2019est autoris\u00e9e en Europe\" \/>\n<meta property=\"og:description\" content=\"INGR\u00c9DIENTS :Betterave rouge sans adjonction de sel, ni sucre, aucun additif, sans OGM (aucune betterave rouge OGM n\u2019est autoris\u00e9e en Europe\" \/>\n<meta property=\"og:url\" content=\"https:\/\/galitel.gr\/fr\/product\/betteraves-rouges-potageres-rondes-cuites-sous-vide-500gr\/\" \/>\n<meta property=\"og:site_name\" content=\"Galitel SA\" \/>\n<meta property=\"article:publisher\" content=\"https:\/\/www.facebook.com\/galitel.gr\" \/>\n<meta property=\"article:modified_time\" content=\"2024-08-16T09:21:31+00:00\" \/>\n<meta property=\"og:image\" content=\"https:\/\/galitel.gr\/wp-content\/uploads\/2024\/05\/3182340118113.jpg\" \/>\n\t<meta property=\"og:image:width\" content=\"1080\" \/>\n\t<meta property=\"og:image:height\" content=\"1080\" \/>\n\t<meta property=\"og:image:type\" content=\"image\/jpeg\" \/>\n<meta name=\"twitter:card\" content=\"summary_large_image\" \/>\n<script type=\"application\/ld+json\" class=\"yoast-schema-graph\">{\"@context\":\"https:\/\/schema.org\",\"@graph\":[{\"@type\":\"WebPage\",\"@id\":\"https:\/\/galitel.gr\/fr\/product\/betteraves-rouges-potageres-rondes-cuites-sous-vide-500gr\/\",\"url\":\"https:\/\/galitel.gr\/fr\/product\/betteraves-rouges-potageres-rondes-cuites-sous-vide-500gr\/\",\"name\":\"Betteraves rouges potag\u00e8res rondes cuites sous vide 500gr - Import-Export - Galitel SA\",\"isPartOf\":{\"@id\":\"https:\/\/galitel.gr\/fr\/#website\"},\"primaryImageOfPage\":{\"@id\":\"https:\/\/galitel.gr\/fr\/product\/betteraves-rouges-potageres-rondes-cuites-sous-vide-500gr\/#primaryimage\"},\"image\":{\"@id\":\"https:\/\/galitel.gr\/fr\/product\/betteraves-rouges-potageres-rondes-cuites-sous-vide-500gr\/#primaryimage\"},\"thumbnailUrl\":\"https:\/\/galitel.gr\/wp-content\/uploads\/2024\/05\/3182340118113.jpg\",\"datePublished\":\"2024-05-11T09:15:00+00:00\",\"dateModified\":\"2024-08-16T09:21:31+00:00\",\"description\":\"INGR\u00c9DIENTS :Betterave rouge sans adjonction de sel, ni sucre, aucun additif, sans OGM (aucune betterave rouge OGM n\u2019est autoris\u00e9e en Europe\",\"breadcrumb\":{\"@id\":\"https:\/\/galitel.gr\/fr\/product\/betteraves-rouges-potageres-rondes-cuites-sous-vide-500gr\/#breadcrumb\"},\"inLanguage\":\"fr-FR\",\"potentialAction\":[{\"@type\":\"ReadAction\",\"target\":[\"https:\/\/galitel.gr\/fr\/product\/betteraves-rouges-potageres-rondes-cuites-sous-vide-500gr\/\"]}]},{\"@type\":\"ImageObject\",\"inLanguage\":\"fr-FR\",\"@id\":\"https:\/\/galitel.gr\/fr\/product\/betteraves-rouges-potageres-rondes-cuites-sous-vide-500gr\/#primaryimage\",\"url\":\"https:\/\/galitel.gr\/wp-content\/uploads\/2024\/05\/3182340118113.jpg\",\"contentUrl\":\"https:\/\/galitel.gr\/wp-content\/uploads\/2024\/05\/3182340118113.jpg\",\"width\":1080,\"height\":1080,\"caption\":\"xr:d:DAF5ZzqX-sk:21,j:7715081717703723629,t:24011510\"},{\"@type\":\"BreadcrumbList\",\"@id\":\"https:\/\/galitel.gr\/fr\/product\/betteraves-rouges-potageres-rondes-cuites-sous-vide-500gr\/#breadcrumb\",\"itemListElement\":[{\"@type\":\"ListItem\",\"position\":1,\"name\":\"\u0391\u03c1\u03c7\u03b9\u03ba\u03ae\",\"item\":\"https:\/\/galitel.gr\/fr\/\"},{\"@type\":\"ListItem\",\"position\":2,\"name\":\"Catalogue\",\"item\":\"https:\/\/galitel.gr\/fr\/?page_id=34060\"},{\"@type\":\"ListItem\",\"position\":3,\"name\":\"Betteraves rouges potag\u00e8res rondes cuites sous vide 500gr\"}]},{\"@type\":\"WebSite\",\"@id\":\"https:\/\/galitel.gr\/fr\/#website\",\"url\":\"https:\/\/galitel.gr\/fr\/\",\"name\":\"Galitel SA\",\"description\":\"Import &amp; Exports French Products\",\"publisher\":{\"@id\":\"https:\/\/galitel.gr\/fr\/#organization\"},\"potentialAction\":[{\"@type\":\"SearchAction\",\"target\":{\"@type\":\"EntryPoint\",\"urlTemplate\":\"https:\/\/galitel.gr\/fr\/?s={search_term_string}\"},\"query-input\":{\"@type\":\"PropertyValueSpecification\",\"valueRequired\":true,\"valueName\":\"search_term_string\"}}],\"inLanguage\":\"fr-FR\"},{\"@type\":\"Organization\",\"@id\":\"https:\/\/galitel.gr\/fr\/#organization\",\"name\":\"Galitel SA - Import & Exports Fresh Products\",\"url\":\"https:\/\/galitel.gr\/fr\/\",\"logo\":{\"@type\":\"ImageObject\",\"inLanguage\":\"fr-FR\",\"@id\":\"https:\/\/galitel.gr\/fr\/#\/schema\/logo\/image\/\",\"url\":\"https:\/\/galitel.gr\/wp-content\/uploads\/2020\/02\/Logo-Galitel-Blue.png\",\"contentUrl\":\"https:\/\/galitel.gr\/wp-content\/uploads\/2020\/02\/Logo-Galitel-Blue.png\",\"width\":325,\"height\":110,\"caption\":\"Galitel SA - Import & Exports Fresh Products\"},\"image\":{\"@id\":\"https:\/\/galitel.gr\/fr\/#\/schema\/logo\/image\/\"},\"sameAs\":[\"https:\/\/www.facebook.com\/galitel.gr\",\"https:\/\/www.instagram.com\/galitel.gr\/\",\"https:\/\/www.linkedin.com\/company\/galitel\/\"]}]}<\/script>\n<!-- \/ Yoast SEO plugin. -->","yoast_head_json":{"title":"Betteraves rouges potag\u00e8res rondes cuites sous vide 500gr - Import-Export - Galitel SA","description":"INGR\u00c9DIENTS :Betterave rouge sans adjonction de sel, ni sucre, aucun additif, sans OGM (aucune betterave rouge OGM n\u2019est autoris\u00e9e en Europe","robots":{"index":"index","follow":"follow","max-snippet":"max-snippet:-1","max-image-preview":"max-image-preview:large","max-video-preview":"max-video-preview:-1"},"canonical":"https:\/\/galitel.gr\/fr\/product\/betteraves-rouges-potageres-rondes-cuites-sous-vide-500gr\/","og_locale":"fr_FR","og_type":"article","og_title":"INGR\u00c9DIENTS :Betterave rouge sans adjonction de sel, ni sucre, aucun additif, sans OGM (aucune betterave rouge OGM n\u2019est autoris\u00e9e en Europe","og_description":"INGR\u00c9DIENTS :Betterave rouge sans adjonction de sel, ni sucre, aucun additif, sans OGM (aucune betterave rouge OGM n\u2019est autoris\u00e9e en Europe","og_url":"https:\/\/galitel.gr\/fr\/product\/betteraves-rouges-potageres-rondes-cuites-sous-vide-500gr\/","og_site_name":"Galitel SA","article_publisher":"https:\/\/www.facebook.com\/galitel.gr","article_modified_time":"2024-08-16T09:21:31+00:00","og_image":[{"width":1080,"height":1080,"url":"https:\/\/galitel.gr\/wp-content\/uploads\/2024\/05\/3182340118113.jpg","type":"image\/jpeg"}],"twitter_card":"summary_large_image","schema":{"@context":"https:\/\/schema.org","@graph":[{"@type":"WebPage","@id":"https:\/\/galitel.gr\/fr\/product\/betteraves-rouges-potageres-rondes-cuites-sous-vide-500gr\/","url":"https:\/\/galitel.gr\/fr\/product\/betteraves-rouges-potageres-rondes-cuites-sous-vide-500gr\/","name":"Betteraves rouges potag\u00e8res rondes cuites sous vide 500gr - Import-Export - Galitel SA","isPartOf":{"@id":"https:\/\/galitel.gr\/fr\/#website"},"primaryImageOfPage":{"@id":"https:\/\/galitel.gr\/fr\/product\/betteraves-rouges-potageres-rondes-cuites-sous-vide-500gr\/#primaryimage"},"image":{"@id":"https:\/\/galitel.gr\/fr\/product\/betteraves-rouges-potageres-rondes-cuites-sous-vide-500gr\/#primaryimage"},"thumbnailUrl":"https:\/\/galitel.gr\/wp-content\/uploads\/2024\/05\/3182340118113.jpg","datePublished":"2024-05-11T09:15:00+00:00","dateModified":"2024-08-16T09:21:31+00:00","description":"INGR\u00c9DIENTS :Betterave rouge sans adjonction de sel, ni sucre, aucun additif, sans OGM (aucune betterave rouge OGM n\u2019est autoris\u00e9e en Europe","breadcrumb":{"@id":"https:\/\/galitel.gr\/fr\/product\/betteraves-rouges-potageres-rondes-cuites-sous-vide-500gr\/#breadcrumb"},"inLanguage":"fr-FR","potentialAction":[{"@type":"ReadAction","target":["https:\/\/galitel.gr\/fr\/product\/betteraves-rouges-potageres-rondes-cuites-sous-vide-500gr\/"]}]},{"@type":"ImageObject","inLanguage":"fr-FR","@id":"https:\/\/galitel.gr\/fr\/product\/betteraves-rouges-potageres-rondes-cuites-sous-vide-500gr\/#primaryimage","url":"https:\/\/galitel.gr\/wp-content\/uploads\/2024\/05\/3182340118113.jpg","contentUrl":"https:\/\/galitel.gr\/wp-content\/uploads\/2024\/05\/3182340118113.jpg","width":1080,"height":1080,"caption":"xr:d:DAF5ZzqX-sk:21,j:7715081717703723629,t:24011510"},{"@type":"BreadcrumbList","@id":"https:\/\/galitel.gr\/fr\/product\/betteraves-rouges-potageres-rondes-cuites-sous-vide-500gr\/#breadcrumb","itemListElement":[{"@type":"ListItem","position":1,"name":"\u0391\u03c1\u03c7\u03b9\u03ba\u03ae","item":"https:\/\/galitel.gr\/fr\/"},{"@type":"ListItem","position":2,"name":"Catalogue","item":"https:\/\/galitel.gr\/fr\/?page_id=34060"},{"@type":"ListItem","position":3,"name":"Betteraves rouges potag\u00e8res rondes cuites sous vide 500gr"}]},{"@type":"WebSite","@id":"https:\/\/galitel.gr\/fr\/#website","url":"https:\/\/galitel.gr\/fr\/","name":"Galitel SA","description":"Import &amp; Exports French Products","publisher":{"@id":"https:\/\/galitel.gr\/fr\/#organization"},"potentialAction":[{"@type":"SearchAction","target":{"@type":"EntryPoint","urlTemplate":"https:\/\/galitel.gr\/fr\/?s={search_term_string}"},"query-input":{"@type":"PropertyValueSpecification","valueRequired":true,"valueName":"search_term_string"}}],"inLanguage":"fr-FR"},{"@type":"Organization","@id":"https:\/\/galitel.gr\/fr\/#organization","name":"Galitel SA - Import & Exports Fresh Products","url":"https:\/\/galitel.gr\/fr\/","logo":{"@type":"ImageObject","inLanguage":"fr-FR","@id":"https:\/\/galitel.gr\/fr\/#\/schema\/logo\/image\/","url":"https:\/\/galitel.gr\/wp-content\/uploads\/2020\/02\/Logo-Galitel-Blue.png","contentUrl":"https:\/\/galitel.gr\/wp-content\/uploads\/2020\/02\/Logo-Galitel-Blue.png","width":325,"height":110,"caption":"Galitel SA - Import & Exports Fresh Products"},"image":{"@id":"https:\/\/galitel.gr\/fr\/#\/schema\/logo\/image\/"},"sameAs":["https:\/\/www.facebook.com\/galitel.gr","https:\/\/www.instagram.com\/galitel.gr\/","https:\/\/www.linkedin.com\/company\/galitel\/"]}]}},"_links":{"self":[{"href":"https:\/\/galitel.gr\/fr\/wp-json\/wp\/v2\/product\/34551","targetHints":{"allow":["GET"]}}],"collection":[{"href":"https:\/\/galitel.gr\/fr\/wp-json\/wp\/v2\/product"}],"about":[{"href":"https:\/\/galitel.gr\/fr\/wp-json\/wp\/v2\/types\/product"}],"wp:featuredmedia":[{"embeddable":true,"href":"https:\/\/galitel.gr\/fr\/wp-json\/wp\/v2\/media\/33802"}],"wp:attachment":[{"href":"https:\/\/galitel.gr\/fr\/wp-json\/wp\/v2\/media?parent=34551"}],"wp:term":[{"taxonomy":"product_brand","embeddable":true,"href":"https:\/\/galitel.gr\/fr\/wp-json\/wp\/v2\/product_brand?post=34551"},{"taxonomy":"product_cat","embeddable":true,"href":"https:\/\/galitel.gr\/fr\/wp-json\/wp\/v2\/product_cat?post=34551"},{"taxonomy":"product_tag","embeddable":true,"href":"https:\/\/galitel.gr\/fr\/wp-json\/wp\/v2\/product_tag?post=34551"}],"curies":[{"name":"wp","href":"https:\/\/api.w.org\/{rel}","templated":true}]}}