{"id":34537,"date":"2024-05-11T09:14:55","date_gmt":"2024-05-11T09:14:55","guid":{"rendered":"https:\/\/galitel.gr\/product\/salade-insalatona-bonduelle-1000gr\/"},"modified":"2024-08-16T09:21:17","modified_gmt":"2024-08-16T09:21:17","slug":"salade-insalatona-bonduelle-1000gr","status":"publish","type":"product","link":"https:\/\/galitel.gr\/fr\/product\/salade-insalatona-bonduelle-1000gr\/","title":{"rendered":"Salade Insalatona Bonduelle 1000gr"},"content":{"rendered":"<p>Un assortiment vari\u00e9 de radicchio blancs et rouges, de scarole, et de textures tendres de la laitue fris\u00e9e. Un paquet de 1000gr, parfait pour le secteur HoReCa ou les grands repas et r\u00e9unions en famille.Ne pas laver, ne pas \u00e9goutter. Dresser directement en saladier ou sur assiette et assaisonner selon votre go\u00fbt.<\/p>\n","protected":false},"excerpt":{"rendered":"<p>INGR\u00c9DIENTS :radicchio rouge et blanc,salades de laitue, fris\u00e9e et de scarole &#8230; <\/p>\n","protected":false},"featured_media":33853,"template":"","meta":[],"product_brand":[],"product_cat":[259],"product_tag":[],"class_list":{"0":"post-34537","1":"product","2":"type-product","3":"status-publish","4":"has-post-thumbnail","6":"product_cat-salades-en-sachet","7":"pa_chora-proelefsis-it-fr","8":"pa_pays-dorigine-it","9":"pa_pieces-emballage-51000-gr","10":"pa_tem-syskevasia-51000-gr","12":"first","13":"instock","14":"product-type-simple"},"yoast_head":"<!-- This site is optimized with the Yoast SEO plugin v25.4 - https:\/\/yoast.com\/wordpress\/plugins\/seo\/ -->\n<title>Salade Insalatona Bonduelle 1000gr - Import-Export - Galitel SA<\/title>\n<meta name=\"description\" content=\"INGR\u00c9DIENTS :radicchio rouge et blanc,salades de laitue, fris\u00e9e et de scarole en porpotion variable\" \/>\n<meta name=\"robots\" content=\"index, follow, max-snippet:-1, max-image-preview:large, max-video-preview:-1\" \/>\n<link rel=\"canonical\" href=\"https:\/\/galitel.gr\/fr\/product\/salade-insalatona-bonduelle-1000gr\/\" \/>\n<meta property=\"og:locale\" content=\"fr_FR\" \/>\n<meta property=\"og:type\" content=\"article\" \/>\n<meta property=\"og:title\" content=\"INGR\u00c9DIENTS :radicchio rouge et blanc,salades de laitue, fris\u00e9e et de scarole en porpotion variable\" \/>\n<meta property=\"og:description\" content=\"INGR\u00c9DIENTS :radicchio rouge et blanc,salades de laitue, fris\u00e9e et de scarole en porpotion variable\" \/>\n<meta property=\"og:url\" content=\"https:\/\/galitel.gr\/fr\/product\/salade-insalatona-bonduelle-1000gr\/\" \/>\n<meta property=\"og:site_name\" content=\"Galitel SA\" \/>\n<meta property=\"article:publisher\" content=\"https:\/\/www.facebook.com\/galitel.gr\" \/>\n<meta property=\"article:modified_time\" content=\"2024-08-16T09:21:17+00:00\" \/>\n<meta property=\"og:image\" content=\"https:\/\/galitel.gr\/wp-content\/uploads\/2024\/05\/8006862003335.jpg\" \/>\n\t<meta property=\"og:image:width\" content=\"1080\" \/>\n\t<meta property=\"og:image:height\" content=\"1080\" \/>\n\t<meta property=\"og:image:type\" content=\"image\/jpeg\" \/>\n<meta name=\"twitter:card\" content=\"summary_large_image\" \/>\n<script type=\"application\/ld+json\" class=\"yoast-schema-graph\">{\"@context\":\"https:\/\/schema.org\",\"@graph\":[{\"@type\":\"WebPage\",\"@id\":\"https:\/\/galitel.gr\/fr\/product\/salade-insalatona-bonduelle-1000gr\/\",\"url\":\"https:\/\/galitel.gr\/fr\/product\/salade-insalatona-bonduelle-1000gr\/\",\"name\":\"Salade Insalatona Bonduelle 1000gr - Import-Export - Galitel SA\",\"isPartOf\":{\"@id\":\"https:\/\/galitel.gr\/fr\/#website\"},\"primaryImageOfPage\":{\"@id\":\"https:\/\/galitel.gr\/fr\/product\/salade-insalatona-bonduelle-1000gr\/#primaryimage\"},\"image\":{\"@id\":\"https:\/\/galitel.gr\/fr\/product\/salade-insalatona-bonduelle-1000gr\/#primaryimage\"},\"thumbnailUrl\":\"https:\/\/galitel.gr\/wp-content\/uploads\/2024\/05\/8006862003335.jpg\",\"datePublished\":\"2024-05-11T09:14:55+00:00\",\"dateModified\":\"2024-08-16T09:21:17+00:00\",\"description\":\"INGR\u00c9DIENTS :radicchio rouge et blanc,salades de laitue, fris\u00e9e et de scarole en porpotion variable\",\"breadcrumb\":{\"@id\":\"https:\/\/galitel.gr\/fr\/product\/salade-insalatona-bonduelle-1000gr\/#breadcrumb\"},\"inLanguage\":\"fr-FR\",\"potentialAction\":[{\"@type\":\"ReadAction\",\"target\":[\"https:\/\/galitel.gr\/fr\/product\/salade-insalatona-bonduelle-1000gr\/\"]}]},{\"@type\":\"ImageObject\",\"inLanguage\":\"fr-FR\",\"@id\":\"https:\/\/galitel.gr\/fr\/product\/salade-insalatona-bonduelle-1000gr\/#primaryimage\",\"url\":\"https:\/\/galitel.gr\/wp-content\/uploads\/2024\/05\/8006862003335.jpg\",\"contentUrl\":\"https:\/\/galitel.gr\/wp-content\/uploads\/2024\/05\/8006862003335.jpg\",\"width\":1080,\"height\":1080,\"caption\":\"xr:d:DAF5ZzqX-sk:17,j:9099938599202804912,t:24011509\"},{\"@type\":\"BreadcrumbList\",\"@id\":\"https:\/\/galitel.gr\/fr\/product\/salade-insalatona-bonduelle-1000gr\/#breadcrumb\",\"itemListElement\":[{\"@type\":\"ListItem\",\"position\":1,\"name\":\"\u0391\u03c1\u03c7\u03b9\u03ba\u03ae\",\"item\":\"https:\/\/galitel.gr\/fr\/\"},{\"@type\":\"ListItem\",\"position\":2,\"name\":\"Catalogue\",\"item\":\"https:\/\/galitel.gr\/fr\/?page_id=34060\"},{\"@type\":\"ListItem\",\"position\":3,\"name\":\"Salade Insalatona Bonduelle 1000gr\"}]},{\"@type\":\"WebSite\",\"@id\":\"https:\/\/galitel.gr\/fr\/#website\",\"url\":\"https:\/\/galitel.gr\/fr\/\",\"name\":\"Galitel SA\",\"description\":\"Import &amp; Exports French Products\",\"publisher\":{\"@id\":\"https:\/\/galitel.gr\/fr\/#organization\"},\"potentialAction\":[{\"@type\":\"SearchAction\",\"target\":{\"@type\":\"EntryPoint\",\"urlTemplate\":\"https:\/\/galitel.gr\/fr\/?s={search_term_string}\"},\"query-input\":{\"@type\":\"PropertyValueSpecification\",\"valueRequired\":true,\"valueName\":\"search_term_string\"}}],\"inLanguage\":\"fr-FR\"},{\"@type\":\"Organization\",\"@id\":\"https:\/\/galitel.gr\/fr\/#organization\",\"name\":\"Galitel SA - Import & Exports Fresh Products\",\"url\":\"https:\/\/galitel.gr\/fr\/\",\"logo\":{\"@type\":\"ImageObject\",\"inLanguage\":\"fr-FR\",\"@id\":\"https:\/\/galitel.gr\/fr\/#\/schema\/logo\/image\/\",\"url\":\"https:\/\/galitel.gr\/wp-content\/uploads\/2020\/02\/Logo-Galitel-Blue.png\",\"contentUrl\":\"https:\/\/galitel.gr\/wp-content\/uploads\/2020\/02\/Logo-Galitel-Blue.png\",\"width\":325,\"height\":110,\"caption\":\"Galitel SA - Import & Exports Fresh Products\"},\"image\":{\"@id\":\"https:\/\/galitel.gr\/fr\/#\/schema\/logo\/image\/\"},\"sameAs\":[\"https:\/\/www.facebook.com\/galitel.gr\",\"https:\/\/www.instagram.com\/galitel.gr\/\",\"https:\/\/www.linkedin.com\/company\/galitel\/\"]}]}<\/script>\n<!-- \/ Yoast SEO plugin. -->","yoast_head_json":{"title":"Salade Insalatona Bonduelle 1000gr - Import-Export - Galitel SA","description":"INGR\u00c9DIENTS :radicchio rouge et blanc,salades de laitue, fris\u00e9e et de scarole en porpotion variable","robots":{"index":"index","follow":"follow","max-snippet":"max-snippet:-1","max-image-preview":"max-image-preview:large","max-video-preview":"max-video-preview:-1"},"canonical":"https:\/\/galitel.gr\/fr\/product\/salade-insalatona-bonduelle-1000gr\/","og_locale":"fr_FR","og_type":"article","og_title":"INGR\u00c9DIENTS :radicchio rouge et blanc,salades de laitue, fris\u00e9e et de scarole en porpotion variable","og_description":"INGR\u00c9DIENTS :radicchio rouge et blanc,salades de laitue, fris\u00e9e et de scarole en porpotion variable","og_url":"https:\/\/galitel.gr\/fr\/product\/salade-insalatona-bonduelle-1000gr\/","og_site_name":"Galitel SA","article_publisher":"https:\/\/www.facebook.com\/galitel.gr","article_modified_time":"2024-08-16T09:21:17+00:00","og_image":[{"width":1080,"height":1080,"url":"https:\/\/galitel.gr\/wp-content\/uploads\/2024\/05\/8006862003335.jpg","type":"image\/jpeg"}],"twitter_card":"summary_large_image","schema":{"@context":"https:\/\/schema.org","@graph":[{"@type":"WebPage","@id":"https:\/\/galitel.gr\/fr\/product\/salade-insalatona-bonduelle-1000gr\/","url":"https:\/\/galitel.gr\/fr\/product\/salade-insalatona-bonduelle-1000gr\/","name":"Salade Insalatona Bonduelle 1000gr - Import-Export - Galitel SA","isPartOf":{"@id":"https:\/\/galitel.gr\/fr\/#website"},"primaryImageOfPage":{"@id":"https:\/\/galitel.gr\/fr\/product\/salade-insalatona-bonduelle-1000gr\/#primaryimage"},"image":{"@id":"https:\/\/galitel.gr\/fr\/product\/salade-insalatona-bonduelle-1000gr\/#primaryimage"},"thumbnailUrl":"https:\/\/galitel.gr\/wp-content\/uploads\/2024\/05\/8006862003335.jpg","datePublished":"2024-05-11T09:14:55+00:00","dateModified":"2024-08-16T09:21:17+00:00","description":"INGR\u00c9DIENTS :radicchio rouge et blanc,salades de laitue, fris\u00e9e et de scarole en porpotion variable","breadcrumb":{"@id":"https:\/\/galitel.gr\/fr\/product\/salade-insalatona-bonduelle-1000gr\/#breadcrumb"},"inLanguage":"fr-FR","potentialAction":[{"@type":"ReadAction","target":["https:\/\/galitel.gr\/fr\/product\/salade-insalatona-bonduelle-1000gr\/"]}]},{"@type":"ImageObject","inLanguage":"fr-FR","@id":"https:\/\/galitel.gr\/fr\/product\/salade-insalatona-bonduelle-1000gr\/#primaryimage","url":"https:\/\/galitel.gr\/wp-content\/uploads\/2024\/05\/8006862003335.jpg","contentUrl":"https:\/\/galitel.gr\/wp-content\/uploads\/2024\/05\/8006862003335.jpg","width":1080,"height":1080,"caption":"xr:d:DAF5ZzqX-sk:17,j:9099938599202804912,t:24011509"},{"@type":"BreadcrumbList","@id":"https:\/\/galitel.gr\/fr\/product\/salade-insalatona-bonduelle-1000gr\/#breadcrumb","itemListElement":[{"@type":"ListItem","position":1,"name":"\u0391\u03c1\u03c7\u03b9\u03ba\u03ae","item":"https:\/\/galitel.gr\/fr\/"},{"@type":"ListItem","position":2,"name":"Catalogue","item":"https:\/\/galitel.gr\/fr\/?page_id=34060"},{"@type":"ListItem","position":3,"name":"Salade Insalatona Bonduelle 1000gr"}]},{"@type":"WebSite","@id":"https:\/\/galitel.gr\/fr\/#website","url":"https:\/\/galitel.gr\/fr\/","name":"Galitel SA","description":"Import &amp; Exports French Products","publisher":{"@id":"https:\/\/galitel.gr\/fr\/#organization"},"potentialAction":[{"@type":"SearchAction","target":{"@type":"EntryPoint","urlTemplate":"https:\/\/galitel.gr\/fr\/?s={search_term_string}"},"query-input":{"@type":"PropertyValueSpecification","valueRequired":true,"valueName":"search_term_string"}}],"inLanguage":"fr-FR"},{"@type":"Organization","@id":"https:\/\/galitel.gr\/fr\/#organization","name":"Galitel SA - Import & Exports Fresh Products","url":"https:\/\/galitel.gr\/fr\/","logo":{"@type":"ImageObject","inLanguage":"fr-FR","@id":"https:\/\/galitel.gr\/fr\/#\/schema\/logo\/image\/","url":"https:\/\/galitel.gr\/wp-content\/uploads\/2020\/02\/Logo-Galitel-Blue.png","contentUrl":"https:\/\/galitel.gr\/wp-content\/uploads\/2020\/02\/Logo-Galitel-Blue.png","width":325,"height":110,"caption":"Galitel SA - Import & Exports Fresh Products"},"image":{"@id":"https:\/\/galitel.gr\/fr\/#\/schema\/logo\/image\/"},"sameAs":["https:\/\/www.facebook.com\/galitel.gr","https:\/\/www.instagram.com\/galitel.gr\/","https:\/\/www.linkedin.com\/company\/galitel\/"]}]}},"_links":{"self":[{"href":"https:\/\/galitel.gr\/fr\/wp-json\/wp\/v2\/product\/34537","targetHints":{"allow":["GET"]}}],"collection":[{"href":"https:\/\/galitel.gr\/fr\/wp-json\/wp\/v2\/product"}],"about":[{"href":"https:\/\/galitel.gr\/fr\/wp-json\/wp\/v2\/types\/product"}],"wp:featuredmedia":[{"embeddable":true,"href":"https:\/\/galitel.gr\/fr\/wp-json\/wp\/v2\/media\/33853"}],"wp:attachment":[{"href":"https:\/\/galitel.gr\/fr\/wp-json\/wp\/v2\/media?parent=34537"}],"wp:term":[{"taxonomy":"product_brand","embeddable":true,"href":"https:\/\/galitel.gr\/fr\/wp-json\/wp\/v2\/product_brand?post=34537"},{"taxonomy":"product_cat","embeddable":true,"href":"https:\/\/galitel.gr\/fr\/wp-json\/wp\/v2\/product_cat?post=34537"},{"taxonomy":"product_tag","embeddable":true,"href":"https:\/\/galitel.gr\/fr\/wp-json\/wp\/v2\/product_tag?post=34537"}],"curies":[{"name":"wp","href":"https:\/\/api.w.org\/{rel}","templated":true}]}}