{"id":34527,"date":"2024-05-11T09:14:55","date_gmt":"2024-05-11T09:14:55","guid":{"rendered":"https:\/\/galitel.gr\/product\/bio-salade-gran-mix-bonduelle-125gr\/"},"modified":"2025-01-30T08:21:47","modified_gmt":"2025-01-30T08:21:47","slug":"bio-salade-gran-mix-bonduelle-125gr","status":"publish","type":"product","link":"https:\/\/galitel.gr\/fr\/product\/bio-salade-gran-mix-bonduelle-125gr\/","title":{"rendered":"BIO salade gran mix Bonduelle 125gr"},"content":{"rendered":"<p>Bonduelle vous propose des jeunes pousses cultiv\u00e9es avec soin, dans le respect de l&rsquo;environnement selon les m\u00e9thodes de culture de l&rsquo;Agriculture Biologique.Ne pas laver, ne pas \u00e9goutter. Dresser directement en saladier ou sur assiette et assaisonner selon votre go\u00fbt.<\/p>\n","protected":false},"excerpt":{"rendered":"<p>INGR\u00c9DIENTS (BIOLOGIQUES) Jeunes pousses de salades : laitue, m\u00e2che, roquette en &#8230; <\/p>\n","protected":false},"featured_media":0,"template":"","meta":[],"product_brand":[],"product_cat":[254],"product_tag":[],"class_list":{"0":"post-34527","1":"product","2":"type-product","3":"status-publish","5":"product_cat-salades-biologiques-en-sachet","6":"pa_chora-proelefsis-it-fr","7":"pa_pays-dorigine-it","8":"pa_pieces-emballage-10125-gr","9":"pa_tem-syskevasia-10125-gr-fr","11":"first","12":"instock","13":"product-type-simple"},"yoast_head":"<!-- This site is optimized with the Yoast SEO plugin v25.4 - https:\/\/yoast.com\/wordpress\/plugins\/seo\/ -->\n<title>BIO salade gran mix Bonduelle 125gr - Import-Export - Galitel SA<\/title>\n<meta name=\"description\" content=\"INGR\u00c9DIENTS (BIOLOGIQUES) Jeunes pousses de salades : laitue, m\u00e2che, roquette en proportion variable\" \/>\n<meta name=\"robots\" content=\"index, follow, max-snippet:-1, max-image-preview:large, max-video-preview:-1\" \/>\n<link rel=\"canonical\" href=\"https:\/\/galitel.gr\/fr\/product\/bio-salade-gran-mix-bonduelle-125gr\/\" \/>\n<meta property=\"og:locale\" content=\"fr_FR\" \/>\n<meta property=\"og:type\" content=\"article\" \/>\n<meta property=\"og:title\" content=\"INGR\u00c9DIENTS (BIOLOGIQUES) Jeunes pousses de salades : laitue, m\u00e2che, roquette en proportion variable\" \/>\n<meta property=\"og:description\" content=\"INGR\u00c9DIENTS (BIOLOGIQUES) Jeunes pousses de salades : laitue, m\u00e2che, roquette en proportion variable\" \/>\n<meta property=\"og:url\" content=\"https:\/\/galitel.gr\/fr\/product\/bio-salade-gran-mix-bonduelle-125gr\/\" \/>\n<meta property=\"og:site_name\" content=\"Galitel SA\" \/>\n<meta property=\"article:publisher\" content=\"https:\/\/www.facebook.com\/galitel.gr\" \/>\n<meta property=\"article:modified_time\" content=\"2025-01-30T08:21:47+00:00\" \/>\n<meta name=\"twitter:card\" content=\"summary_large_image\" \/>\n<meta name=\"twitter:label1\" content=\"Dur\u00e9e de lecture estim\u00e9e\" \/>\n\t<meta name=\"twitter:data1\" content=\"1 minute\" \/>\n<script type=\"application\/ld+json\" class=\"yoast-schema-graph\">{\"@context\":\"https:\/\/schema.org\",\"@graph\":[{\"@type\":\"WebPage\",\"@id\":\"https:\/\/galitel.gr\/fr\/product\/bio-salade-gran-mix-bonduelle-125gr\/\",\"url\":\"https:\/\/galitel.gr\/fr\/product\/bio-salade-gran-mix-bonduelle-125gr\/\",\"name\":\"BIO salade gran mix Bonduelle 125gr - Import-Export - Galitel SA\",\"isPartOf\":{\"@id\":\"https:\/\/galitel.gr\/fr\/#website\"},\"datePublished\":\"2024-05-11T09:14:55+00:00\",\"dateModified\":\"2025-01-30T08:21:47+00:00\",\"description\":\"INGR\u00c9DIENTS (BIOLOGIQUES) Jeunes pousses de salades : laitue, m\u00e2che, roquette en proportion variable\",\"breadcrumb\":{\"@id\":\"https:\/\/galitel.gr\/fr\/product\/bio-salade-gran-mix-bonduelle-125gr\/#breadcrumb\"},\"inLanguage\":\"fr-FR\",\"potentialAction\":[{\"@type\":\"ReadAction\",\"target\":[\"https:\/\/galitel.gr\/fr\/product\/bio-salade-gran-mix-bonduelle-125gr\/\"]}]},{\"@type\":\"BreadcrumbList\",\"@id\":\"https:\/\/galitel.gr\/fr\/product\/bio-salade-gran-mix-bonduelle-125gr\/#breadcrumb\",\"itemListElement\":[{\"@type\":\"ListItem\",\"position\":1,\"name\":\"\u0391\u03c1\u03c7\u03b9\u03ba\u03ae\",\"item\":\"https:\/\/galitel.gr\/fr\/\"},{\"@type\":\"ListItem\",\"position\":2,\"name\":\"Catalogue\",\"item\":\"https:\/\/galitel.gr\/fr\/?page_id=34060\"},{\"@type\":\"ListItem\",\"position\":3,\"name\":\"BIO salade gran mix Bonduelle 125gr\"}]},{\"@type\":\"WebSite\",\"@id\":\"https:\/\/galitel.gr\/fr\/#website\",\"url\":\"https:\/\/galitel.gr\/fr\/\",\"name\":\"Galitel SA\",\"description\":\"Import &amp; Exports French Products\",\"publisher\":{\"@id\":\"https:\/\/galitel.gr\/fr\/#organization\"},\"potentialAction\":[{\"@type\":\"SearchAction\",\"target\":{\"@type\":\"EntryPoint\",\"urlTemplate\":\"https:\/\/galitel.gr\/fr\/?s={search_term_string}\"},\"query-input\":{\"@type\":\"PropertyValueSpecification\",\"valueRequired\":true,\"valueName\":\"search_term_string\"}}],\"inLanguage\":\"fr-FR\"},{\"@type\":\"Organization\",\"@id\":\"https:\/\/galitel.gr\/fr\/#organization\",\"name\":\"Galitel SA - Import & Exports Fresh Products\",\"url\":\"https:\/\/galitel.gr\/fr\/\",\"logo\":{\"@type\":\"ImageObject\",\"inLanguage\":\"fr-FR\",\"@id\":\"https:\/\/galitel.gr\/fr\/#\/schema\/logo\/image\/\",\"url\":\"https:\/\/galitel.gr\/wp-content\/uploads\/2020\/02\/Logo-Galitel-Blue.png\",\"contentUrl\":\"https:\/\/galitel.gr\/wp-content\/uploads\/2020\/02\/Logo-Galitel-Blue.png\",\"width\":325,\"height\":110,\"caption\":\"Galitel SA - Import & Exports Fresh Products\"},\"image\":{\"@id\":\"https:\/\/galitel.gr\/fr\/#\/schema\/logo\/image\/\"},\"sameAs\":[\"https:\/\/www.facebook.com\/galitel.gr\",\"https:\/\/www.instagram.com\/galitel.gr\/\",\"https:\/\/www.linkedin.com\/company\/galitel\/\"]}]}<\/script>\n<!-- \/ Yoast SEO plugin. -->","yoast_head_json":{"title":"BIO salade gran mix Bonduelle 125gr - Import-Export - Galitel SA","description":"INGR\u00c9DIENTS (BIOLOGIQUES) Jeunes pousses de salades : laitue, m\u00e2che, roquette en proportion variable","robots":{"index":"index","follow":"follow","max-snippet":"max-snippet:-1","max-image-preview":"max-image-preview:large","max-video-preview":"max-video-preview:-1"},"canonical":"https:\/\/galitel.gr\/fr\/product\/bio-salade-gran-mix-bonduelle-125gr\/","og_locale":"fr_FR","og_type":"article","og_title":"INGR\u00c9DIENTS (BIOLOGIQUES) Jeunes pousses de salades : laitue, m\u00e2che, roquette en proportion variable","og_description":"INGR\u00c9DIENTS (BIOLOGIQUES) Jeunes pousses de salades : laitue, m\u00e2che, roquette en proportion variable","og_url":"https:\/\/galitel.gr\/fr\/product\/bio-salade-gran-mix-bonduelle-125gr\/","og_site_name":"Galitel SA","article_publisher":"https:\/\/www.facebook.com\/galitel.gr","article_modified_time":"2025-01-30T08:21:47+00:00","twitter_card":"summary_large_image","twitter_misc":{"Dur\u00e9e de lecture estim\u00e9e":"1 minute"},"schema":{"@context":"https:\/\/schema.org","@graph":[{"@type":"WebPage","@id":"https:\/\/galitel.gr\/fr\/product\/bio-salade-gran-mix-bonduelle-125gr\/","url":"https:\/\/galitel.gr\/fr\/product\/bio-salade-gran-mix-bonduelle-125gr\/","name":"BIO salade gran mix Bonduelle 125gr - Import-Export - Galitel SA","isPartOf":{"@id":"https:\/\/galitel.gr\/fr\/#website"},"datePublished":"2024-05-11T09:14:55+00:00","dateModified":"2025-01-30T08:21:47+00:00","description":"INGR\u00c9DIENTS (BIOLOGIQUES) Jeunes pousses de salades : laitue, m\u00e2che, roquette en proportion variable","breadcrumb":{"@id":"https:\/\/galitel.gr\/fr\/product\/bio-salade-gran-mix-bonduelle-125gr\/#breadcrumb"},"inLanguage":"fr-FR","potentialAction":[{"@type":"ReadAction","target":["https:\/\/galitel.gr\/fr\/product\/bio-salade-gran-mix-bonduelle-125gr\/"]}]},{"@type":"BreadcrumbList","@id":"https:\/\/galitel.gr\/fr\/product\/bio-salade-gran-mix-bonduelle-125gr\/#breadcrumb","itemListElement":[{"@type":"ListItem","position":1,"name":"\u0391\u03c1\u03c7\u03b9\u03ba\u03ae","item":"https:\/\/galitel.gr\/fr\/"},{"@type":"ListItem","position":2,"name":"Catalogue","item":"https:\/\/galitel.gr\/fr\/?page_id=34060"},{"@type":"ListItem","position":3,"name":"BIO salade gran mix Bonduelle 125gr"}]},{"@type":"WebSite","@id":"https:\/\/galitel.gr\/fr\/#website","url":"https:\/\/galitel.gr\/fr\/","name":"Galitel SA","description":"Import &amp; Exports French Products","publisher":{"@id":"https:\/\/galitel.gr\/fr\/#organization"},"potentialAction":[{"@type":"SearchAction","target":{"@type":"EntryPoint","urlTemplate":"https:\/\/galitel.gr\/fr\/?s={search_term_string}"},"query-input":{"@type":"PropertyValueSpecification","valueRequired":true,"valueName":"search_term_string"}}],"inLanguage":"fr-FR"},{"@type":"Organization","@id":"https:\/\/galitel.gr\/fr\/#organization","name":"Galitel SA - Import & Exports Fresh Products","url":"https:\/\/galitel.gr\/fr\/","logo":{"@type":"ImageObject","inLanguage":"fr-FR","@id":"https:\/\/galitel.gr\/fr\/#\/schema\/logo\/image\/","url":"https:\/\/galitel.gr\/wp-content\/uploads\/2020\/02\/Logo-Galitel-Blue.png","contentUrl":"https:\/\/galitel.gr\/wp-content\/uploads\/2020\/02\/Logo-Galitel-Blue.png","width":325,"height":110,"caption":"Galitel SA - Import & Exports Fresh Products"},"image":{"@id":"https:\/\/galitel.gr\/fr\/#\/schema\/logo\/image\/"},"sameAs":["https:\/\/www.facebook.com\/galitel.gr","https:\/\/www.instagram.com\/galitel.gr\/","https:\/\/www.linkedin.com\/company\/galitel\/"]}]}},"_links":{"self":[{"href":"https:\/\/galitel.gr\/fr\/wp-json\/wp\/v2\/product\/34527","targetHints":{"allow":["GET"]}}],"collection":[{"href":"https:\/\/galitel.gr\/fr\/wp-json\/wp\/v2\/product"}],"about":[{"href":"https:\/\/galitel.gr\/fr\/wp-json\/wp\/v2\/types\/product"}],"wp:attachment":[{"href":"https:\/\/galitel.gr\/fr\/wp-json\/wp\/v2\/media?parent=34527"}],"wp:term":[{"taxonomy":"product_brand","embeddable":true,"href":"https:\/\/galitel.gr\/fr\/wp-json\/wp\/v2\/product_brand?post=34527"},{"taxonomy":"product_cat","embeddable":true,"href":"https:\/\/galitel.gr\/fr\/wp-json\/wp\/v2\/product_cat?post=34527"},{"taxonomy":"product_tag","embeddable":true,"href":"https:\/\/galitel.gr\/fr\/wp-json\/wp\/v2\/product_tag?post=34527"}],"curies":[{"name":"wp","href":"https:\/\/api.w.org\/{rel}","templated":true}]}}