{"id":34293,"date":"2024-05-11T09:15:05","date_gmt":"2024-05-11T09:15:05","guid":{"rendered":"https:\/\/galitel.gr\/product\/wine-chateau-lisle-fort-cuvee-precieuse-2\/"},"modified":"2024-08-28T22:26:50","modified_gmt":"2024-08-28T22:26:50","slug":"wine-chateau-lisle-fort-cuvee-precieuse-2","status":"publish","type":"product","link":"https:\/\/galitel.gr\/en\/product\/wine-chateau-lisle-fort-cuvee-precieuse-2\/","title":{"rendered":"Wine Ch\u00e2teau L\u2019isle fort cuv\u00e9e pr\u00e9cieuse"},"content":{"rendered":"<p>Ch\u00e2teau L&#8217;Isle Fort&#8217;s Cuv\u00e9e pr\u00e9cieuse is a structured wine based on the aromatic richness imparted to it by its place of production without artifices.<br \/>\nSoil \u2013 Clay-limestone Vinification \u2013 The vinification of this wine is supervised by the renowned Bordeaux consultant-oenologist St\u00e9phane Derenoncourt, who shares the environmental sensitivities of the owners of Ch\u00e2teau L\u2019Isle Fort, Sylvie Douce and Fran\u00e7ois Jeantet.<br \/>\nAlcoholic fermentation in concrete tanks Fermentation time: 21 to 28 days Malolactic fermentation in some barrels<br \/>\nAging is done 100% in wooden barrels, in separate batches until the final blend Duration: 12 to 14 months with an average production of 10,000 bottles Coopers: 40% Taransaud, 15% Ana Selection, 15% Saury, 10% Vicard, 10% Seguin Moreau, 5% Darnajaou, 5% Demptos<\/p>\n","protected":false},"excerpt":{"rendered":"<p>Wine l&#8217;isle fort cuvee precieuse red. [wlfmc_add_to_wishlist] &#8230; <\/p>\n","protected":false},"featured_media":33879,"template":"","meta":[],"product_brand":[],"product_cat":[199],"product_tag":[],"class_list":{"0":"post-34293","1":"product","2":"type-product","3":"status-publish","4":"has-post-thumbnail","6":"product_cat-wine-champagne","7":"pa_chora-proelefsis-fr-en","8":"pa_tem-syskevasia-6075-l-en","10":"first","11":"instock","12":"product-type-simple"},"yoast_head":"<!-- This site is optimized with the Yoast SEO plugin v25.4 - https:\/\/yoast.com\/wordpress\/plugins\/seo\/ -->\n<title>Wine Ch\u00e2teau L\u2019isle fort cuv\u00e9e pr\u00e9cieuse - \u03a0\u03c1\u03bf\u03ca\u03cc\u03bd\u03c4\u03b1 \u0395\u03b9\u03c3\u03b1\u03b3\u03c9\u03b3\u03ae\u03c2 - Galitel SA<\/title>\n<meta name=\"description\" content=\"Wine l&#039;isle fort cuvee precieuse red. [wlfmc_add_to_wishlist]\" \/>\n<meta name=\"robots\" content=\"index, follow, max-snippet:-1, max-image-preview:large, max-video-preview:-1\" \/>\n<link rel=\"canonical\" href=\"https:\/\/galitel.gr\/en\/product\/wine-chateau-lisle-fort-cuvee-precieuse-2\/\" \/>\n<meta property=\"og:locale\" content=\"en_US\" \/>\n<meta property=\"og:type\" content=\"article\" \/>\n<meta property=\"og:title\" content=\"Wine l&#039;isle fort cuvee precieuse red. [wlfmc_add_to_wishlist]\" \/>\n<meta property=\"og:description\" content=\"Wine l&#039;isle fort cuvee precieuse red. [wlfmc_add_to_wishlist]\" \/>\n<meta property=\"og:url\" content=\"https:\/\/galitel.gr\/en\/product\/wine-chateau-lisle-fort-cuvee-precieuse-2\/\" \/>\n<meta property=\"og:site_name\" content=\"Galitel SA\" \/>\n<meta property=\"article:publisher\" content=\"https:\/\/www.facebook.com\/galitel.gr\" \/>\n<meta property=\"article:modified_time\" content=\"2024-08-28T22:26:50+00:00\" \/>\n<meta property=\"og:image\" content=\"https:\/\/galitel.gr\/wp-content\/uploads\/2024\/05\/VIN0005.jpg\" \/>\n\t<meta property=\"og:image:width\" content=\"1080\" \/>\n\t<meta property=\"og:image:height\" content=\"1080\" \/>\n\t<meta property=\"og:image:type\" content=\"image\/jpeg\" \/>\n<meta name=\"twitter:card\" content=\"summary_large_image\" \/>\n<meta name=\"twitter:label1\" content=\"Est. reading time\" \/>\n\t<meta name=\"twitter:data1\" content=\"1 minute\" \/>\n<script type=\"application\/ld+json\" class=\"yoast-schema-graph\">{\"@context\":\"https:\/\/schema.org\",\"@graph\":[{\"@type\":\"WebPage\",\"@id\":\"https:\/\/galitel.gr\/en\/product\/wine-chateau-lisle-fort-cuvee-precieuse-2\/\",\"url\":\"https:\/\/galitel.gr\/en\/product\/wine-chateau-lisle-fort-cuvee-precieuse-2\/\",\"name\":\"Wine Ch\u00e2teau L\u2019isle fort cuv\u00e9e pr\u00e9cieuse - \u03a0\u03c1\u03bf\u03ca\u03cc\u03bd\u03c4\u03b1 \u0395\u03b9\u03c3\u03b1\u03b3\u03c9\u03b3\u03ae\u03c2 - Galitel SA\",\"isPartOf\":{\"@id\":\"https:\/\/galitel.gr\/en\/#website\"},\"primaryImageOfPage\":{\"@id\":\"https:\/\/galitel.gr\/en\/product\/wine-chateau-lisle-fort-cuvee-precieuse-2\/#primaryimage\"},\"image\":{\"@id\":\"https:\/\/galitel.gr\/en\/product\/wine-chateau-lisle-fort-cuvee-precieuse-2\/#primaryimage\"},\"thumbnailUrl\":\"https:\/\/galitel.gr\/wp-content\/uploads\/2024\/05\/VIN0005.jpg\",\"datePublished\":\"2024-05-11T09:15:05+00:00\",\"dateModified\":\"2024-08-28T22:26:50+00:00\",\"description\":\"Wine l'isle fort cuvee precieuse red. [wlfmc_add_to_wishlist]\",\"breadcrumb\":{\"@id\":\"https:\/\/galitel.gr\/en\/product\/wine-chateau-lisle-fort-cuvee-precieuse-2\/#breadcrumb\"},\"inLanguage\":\"en-US\",\"potentialAction\":[{\"@type\":\"ReadAction\",\"target\":[\"https:\/\/galitel.gr\/en\/product\/wine-chateau-lisle-fort-cuvee-precieuse-2\/\"]}]},{\"@type\":\"ImageObject\",\"inLanguage\":\"en-US\",\"@id\":\"https:\/\/galitel.gr\/en\/product\/wine-chateau-lisle-fort-cuvee-precieuse-2\/#primaryimage\",\"url\":\"https:\/\/galitel.gr\/wp-content\/uploads\/2024\/05\/VIN0005.jpg\",\"contentUrl\":\"https:\/\/galitel.gr\/wp-content\/uploads\/2024\/05\/VIN0005.jpg\",\"width\":1080,\"height\":1080},{\"@type\":\"BreadcrumbList\",\"@id\":\"https:\/\/galitel.gr\/en\/product\/wine-chateau-lisle-fort-cuvee-precieuse-2\/#breadcrumb\",\"itemListElement\":[{\"@type\":\"ListItem\",\"position\":1,\"name\":\"\u0391\u03c1\u03c7\u03b9\u03ba\u03ae\",\"item\":\"https:\/\/galitel.gr\/en\/\"},{\"@type\":\"ListItem\",\"position\":2,\"name\":\"Catalog\",\"item\":\"https:\/\/galitel.gr\/en\/catalog\/\"},{\"@type\":\"ListItem\",\"position\":3,\"name\":\"Wine Ch\u00e2teau L\u2019isle fort cuv\u00e9e pr\u00e9cieuse\"}]},{\"@type\":\"WebSite\",\"@id\":\"https:\/\/galitel.gr\/en\/#website\",\"url\":\"https:\/\/galitel.gr\/en\/\",\"name\":\"Galitel SA\",\"description\":\"Import &amp; Exports French Products\",\"publisher\":{\"@id\":\"https:\/\/galitel.gr\/en\/#organization\"},\"potentialAction\":[{\"@type\":\"SearchAction\",\"target\":{\"@type\":\"EntryPoint\",\"urlTemplate\":\"https:\/\/galitel.gr\/en\/?s={search_term_string}\"},\"query-input\":{\"@type\":\"PropertyValueSpecification\",\"valueRequired\":true,\"valueName\":\"search_term_string\"}}],\"inLanguage\":\"en-US\"},{\"@type\":\"Organization\",\"@id\":\"https:\/\/galitel.gr\/en\/#organization\",\"name\":\"Galitel SA - Import & Exports Fresh Products\",\"url\":\"https:\/\/galitel.gr\/en\/\",\"logo\":{\"@type\":\"ImageObject\",\"inLanguage\":\"en-US\",\"@id\":\"https:\/\/galitel.gr\/en\/#\/schema\/logo\/image\/\",\"url\":\"https:\/\/galitel.gr\/wp-content\/uploads\/2020\/02\/Logo-Galitel-Blue.png\",\"contentUrl\":\"https:\/\/galitel.gr\/wp-content\/uploads\/2020\/02\/Logo-Galitel-Blue.png\",\"width\":325,\"height\":110,\"caption\":\"Galitel SA - Import & Exports Fresh Products\"},\"image\":{\"@id\":\"https:\/\/galitel.gr\/en\/#\/schema\/logo\/image\/\"},\"sameAs\":[\"https:\/\/www.facebook.com\/galitel.gr\",\"https:\/\/www.instagram.com\/galitel.gr\/\",\"https:\/\/www.linkedin.com\/company\/galitel\/\"]}]}<\/script>\n<!-- \/ Yoast SEO plugin. -->","yoast_head_json":{"title":"Wine Ch\u00e2teau L\u2019isle fort cuv\u00e9e pr\u00e9cieuse - \u03a0\u03c1\u03bf\u03ca\u03cc\u03bd\u03c4\u03b1 \u0395\u03b9\u03c3\u03b1\u03b3\u03c9\u03b3\u03ae\u03c2 - Galitel SA","description":"Wine l'isle fort cuvee precieuse red. [wlfmc_add_to_wishlist]","robots":{"index":"index","follow":"follow","max-snippet":"max-snippet:-1","max-image-preview":"max-image-preview:large","max-video-preview":"max-video-preview:-1"},"canonical":"https:\/\/galitel.gr\/en\/product\/wine-chateau-lisle-fort-cuvee-precieuse-2\/","og_locale":"en_US","og_type":"article","og_title":"Wine l'isle fort cuvee precieuse red. [wlfmc_add_to_wishlist]","og_description":"Wine l'isle fort cuvee precieuse red. [wlfmc_add_to_wishlist]","og_url":"https:\/\/galitel.gr\/en\/product\/wine-chateau-lisle-fort-cuvee-precieuse-2\/","og_site_name":"Galitel SA","article_publisher":"https:\/\/www.facebook.com\/galitel.gr","article_modified_time":"2024-08-28T22:26:50+00:00","og_image":[{"width":1080,"height":1080,"url":"https:\/\/galitel.gr\/wp-content\/uploads\/2024\/05\/VIN0005.jpg","type":"image\/jpeg"}],"twitter_card":"summary_large_image","twitter_misc":{"Est. reading time":"1 minute"},"schema":{"@context":"https:\/\/schema.org","@graph":[{"@type":"WebPage","@id":"https:\/\/galitel.gr\/en\/product\/wine-chateau-lisle-fort-cuvee-precieuse-2\/","url":"https:\/\/galitel.gr\/en\/product\/wine-chateau-lisle-fort-cuvee-precieuse-2\/","name":"Wine Ch\u00e2teau L\u2019isle fort cuv\u00e9e pr\u00e9cieuse - \u03a0\u03c1\u03bf\u03ca\u03cc\u03bd\u03c4\u03b1 \u0395\u03b9\u03c3\u03b1\u03b3\u03c9\u03b3\u03ae\u03c2 - Galitel SA","isPartOf":{"@id":"https:\/\/galitel.gr\/en\/#website"},"primaryImageOfPage":{"@id":"https:\/\/galitel.gr\/en\/product\/wine-chateau-lisle-fort-cuvee-precieuse-2\/#primaryimage"},"image":{"@id":"https:\/\/galitel.gr\/en\/product\/wine-chateau-lisle-fort-cuvee-precieuse-2\/#primaryimage"},"thumbnailUrl":"https:\/\/galitel.gr\/wp-content\/uploads\/2024\/05\/VIN0005.jpg","datePublished":"2024-05-11T09:15:05+00:00","dateModified":"2024-08-28T22:26:50+00:00","description":"Wine l'isle fort cuvee precieuse red. [wlfmc_add_to_wishlist]","breadcrumb":{"@id":"https:\/\/galitel.gr\/en\/product\/wine-chateau-lisle-fort-cuvee-precieuse-2\/#breadcrumb"},"inLanguage":"en-US","potentialAction":[{"@type":"ReadAction","target":["https:\/\/galitel.gr\/en\/product\/wine-chateau-lisle-fort-cuvee-precieuse-2\/"]}]},{"@type":"ImageObject","inLanguage":"en-US","@id":"https:\/\/galitel.gr\/en\/product\/wine-chateau-lisle-fort-cuvee-precieuse-2\/#primaryimage","url":"https:\/\/galitel.gr\/wp-content\/uploads\/2024\/05\/VIN0005.jpg","contentUrl":"https:\/\/galitel.gr\/wp-content\/uploads\/2024\/05\/VIN0005.jpg","width":1080,"height":1080},{"@type":"BreadcrumbList","@id":"https:\/\/galitel.gr\/en\/product\/wine-chateau-lisle-fort-cuvee-precieuse-2\/#breadcrumb","itemListElement":[{"@type":"ListItem","position":1,"name":"\u0391\u03c1\u03c7\u03b9\u03ba\u03ae","item":"https:\/\/galitel.gr\/en\/"},{"@type":"ListItem","position":2,"name":"Catalog","item":"https:\/\/galitel.gr\/en\/catalog\/"},{"@type":"ListItem","position":3,"name":"Wine Ch\u00e2teau L\u2019isle fort cuv\u00e9e pr\u00e9cieuse"}]},{"@type":"WebSite","@id":"https:\/\/galitel.gr\/en\/#website","url":"https:\/\/galitel.gr\/en\/","name":"Galitel SA","description":"Import &amp; Exports French Products","publisher":{"@id":"https:\/\/galitel.gr\/en\/#organization"},"potentialAction":[{"@type":"SearchAction","target":{"@type":"EntryPoint","urlTemplate":"https:\/\/galitel.gr\/en\/?s={search_term_string}"},"query-input":{"@type":"PropertyValueSpecification","valueRequired":true,"valueName":"search_term_string"}}],"inLanguage":"en-US"},{"@type":"Organization","@id":"https:\/\/galitel.gr\/en\/#organization","name":"Galitel SA - Import & Exports Fresh Products","url":"https:\/\/galitel.gr\/en\/","logo":{"@type":"ImageObject","inLanguage":"en-US","@id":"https:\/\/galitel.gr\/en\/#\/schema\/logo\/image\/","url":"https:\/\/galitel.gr\/wp-content\/uploads\/2020\/02\/Logo-Galitel-Blue.png","contentUrl":"https:\/\/galitel.gr\/wp-content\/uploads\/2020\/02\/Logo-Galitel-Blue.png","width":325,"height":110,"caption":"Galitel SA - Import & Exports Fresh Products"},"image":{"@id":"https:\/\/galitel.gr\/en\/#\/schema\/logo\/image\/"},"sameAs":["https:\/\/www.facebook.com\/galitel.gr","https:\/\/www.instagram.com\/galitel.gr\/","https:\/\/www.linkedin.com\/company\/galitel\/"]}]}},"_links":{"self":[{"href":"https:\/\/galitel.gr\/en\/wp-json\/wp\/v2\/product\/34293","targetHints":{"allow":["GET"]}}],"collection":[{"href":"https:\/\/galitel.gr\/en\/wp-json\/wp\/v2\/product"}],"about":[{"href":"https:\/\/galitel.gr\/en\/wp-json\/wp\/v2\/types\/product"}],"wp:featuredmedia":[{"embeddable":true,"href":"https:\/\/galitel.gr\/en\/wp-json\/wp\/v2\/media\/33879"}],"wp:attachment":[{"href":"https:\/\/galitel.gr\/en\/wp-json\/wp\/v2\/media?parent=34293"}],"wp:term":[{"taxonomy":"product_brand","embeddable":true,"href":"https:\/\/galitel.gr\/en\/wp-json\/wp\/v2\/product_brand?post=34293"},{"taxonomy":"product_cat","embeddable":true,"href":"https:\/\/galitel.gr\/en\/wp-json\/wp\/v2\/product_cat?post=34293"},{"taxonomy":"product_tag","embeddable":true,"href":"https:\/\/galitel.gr\/en\/wp-json\/wp\/v2\/product_tag?post=34293"}],"curies":[{"name":"wp","href":"https:\/\/api.w.org\/{rel}","templated":true}]}}